{"id":1711,"date":"2014-09-26T17:23:42","date_gmt":"2014-09-26T15:23:42","guid":{"rendered":"https:\/\/agence-prologue.com\/contact\/"},"modified":"2026-03-26T18:49:44","modified_gmt":"2026-03-26T17:49:44","slug":"contact","status":"publish","type":"page","link":"https:\/\/agence-prologue.com\/en\/contact\/","title":{"rendered":"Contact"},"content":{"rendered":"<div id='av-layout-grid-1'  class='av-layout-grid-container av-7ud2b-4b428948a49a97042a99eb6fef6e96e8 entry-content-wrapper main_color av-flex-cells  avia-builder-el-0  avia-builder-el-no-sibling   container_wrap fullsize'  >\n\n<style type=\"text\/css\" data-created_by=\"avia_inline_auto\" id=\"style-css-av-7huln-746628737a93f4a62e6dc11f3e76b908\">\n.flex_cell.av-7huln-746628737a93f4a62e6dc11f3e76b908{\nvertical-align:top;\n}\n.responsive #top #wrap_all .flex_cell.av-7huln-746628737a93f4a62e6dc11f3e76b908{\npadding:30px 30px 30px 30px !important;\n}\n<\/style>\n<div class='flex_cell av-7huln-746628737a93f4a62e6dc11f3e76b908 av-gridrow-cell av_one_half no_margin  avia-builder-el-1  el_before_av_cell_one_half  avia-builder-el-first  content-align-top'  ><div class='flex_cell_inner'><p>\n<style type=\"text\/css\" data-created_by=\"avia_inline_auto\" id=\"style-css-av-jz17yuyw-c4e9d1ffe45bb4f3c09ac3cccb079224\">\n#top .av-special-heading.av-jz17yuyw-c4e9d1ffe45bb4f3c09ac3cccb079224{\npadding-bottom:10px;\n}\nbody .av-special-heading.av-jz17yuyw-c4e9d1ffe45bb4f3c09ac3cccb079224 .av-special-heading-tag .heading-char{\nfont-size:25px;\n}\n.av-special-heading.av-jz17yuyw-c4e9d1ffe45bb4f3c09ac3cccb079224 .av-subheading{\nfont-size:15px;\n}\n<\/style>\n<div  class='av-special-heading av-jz17yuyw-c4e9d1ffe45bb4f3c09ac3cccb079224 av-special-heading-h2  avia-builder-el-2  el_before_av_contact  avia-builder-el-first '><h2 class='av-special-heading-tag '  itemprop=\"headline\"  >Brief Us<\/h2><div class=\"special-heading-border\"><div class=\"special-heading-inner-border\"><\/div><\/div><\/div><br \/>\n<form action=\"https:\/\/agence-prologue.com\/en\/contact\/\" method=\"post\" data-fields-with-error=\"Found errors in the following field(s):\" class=\"avia_ajax_form av-form-labels-visible   avia-builder-el-3  el_after_av_heading  avia-builder-el-last   \" data-avia-form-id=\"1\" data-avia-redirect='' ><fieldset><p class='  first_form  form_element form_element_half' id='element_avia_1_1'><label for=\"avia_1_1\">Name <abbr class=\"required\" title=\"required\">*<\/abbr><\/label> <input name=\"avia_1_1\" class=\"text_input is_empty\" type=\"text\" id=\"avia_1_1\" value=\"\" \/><\/p><p class='  form_element form_element_half' id='element_avia_2_1'><label for=\"avia_2_1\">Email <abbr class=\"required\" title=\"required\">*<\/abbr><\/label> <input name=\"avia_2_1\" class=\"text_input is_email\" type=\"text\" id=\"avia_2_1\" value=\"\" \/><\/p><p class='  first_form  form_element form_element_half' id='element_avia_3_1'><label for=\"avia_3_1\">Company <abbr class=\"required\" title=\"required\">*<\/abbr><\/label> <input name=\"avia_3_1\" class=\"text_input is_empty\" type=\"text\" id=\"avia_3_1\" value=\"\" \/><\/p><p class='  form_element form_element_half' id='element_avia_4_1'><label for=\"avia_4_1\">Phone<\/label> <input name=\"avia_4_1\" class=\"text_input \" type=\"text\" id=\"avia_4_1\" value=\"\" \/><\/p><p class='  first_form  form_element form_fullwidth' id='element_avia_5_1'><label for=\"avia_5_1\" class=\"textare_label hidden textare_label_avia_5_1\">Message<\/label><textarea  name=\"avia_5_1\" class=\"text_area \" cols=\"40\" rows=\"7\" id=\"avia_5_1\" ><\/textarea><\/p><p class=\"hidden\"><input type=\"text\" name=\"avia_6_1\" class=\"hidden \" id=\"avia_6_1\" value=\"\" \/><\/p><div id='avia_7_1' class='av-recaptcha-area  first_form  form_element form_fullwidth av-last-visible-form-element '  data-container_class=\"\" data-custom_class=\"\" data-context=\"av_contact_form\" data-token_input=\"av_recaptcha_token\" data-version=\"avia_recaptcha_v3\" data-theme=\"light\" data-size=\"normal\" data-score=\"0.5\" data-text_to_preview=\"\" data-value=\"\"><div class=\"av-google-badge-message hidden\">This site is protected by reCAPTCHA and the Google <a href=\"https:\/\/policies.google.com\/privacy\" target=\"_blank\" rel=\"noopener noreferrer\">Privacy Policy<\/a> and <a href=\"https:\/\/policies.google.com\/terms\" target=\"_blank\" rel=\"noopener noreferrer\">Terms of Service<\/a> apply.<\/div><\/div><p class=' av_form_privacy_check av_contact_privacy_check first_form  form_element form_fullwidth' id='element_avia_8_1'><input  name=\"avia_8_1\" class=\"input_checkbox is_empty\" type=\"checkbox\" id=\"avia_8_1\" value=\"true\"\/><label class=\"input_checkbox_label\" for=\"avia_8_1\">By checking this box, you agree to be contacted by email or telephone by Prologue and that the information collected on this form will be recorded and processed in accordance with our Privacy Policy. <abbr class=\"required\" title=\"required\">*<\/abbr><\/label><\/p><p class=\"form_element \"><input type=\"hidden\" value=\"1\" name=\"avia_generated_form1\" \/><input type=\"submit\" value=\"SEND\" class=\"button\"  data-sending-label=\"Sending\"\/><\/p><\/fieldset><div class=\"avia-disabled-form\">This contact form is deactivated because you refused to accept Google reCaptcha service which is necessary to validate any messages sent by the form.<\/div><\/form><div id=\"ajaxresponse_1\" class=\"ajaxresponse ajaxresponse_1 hidden\"><\/div><\/p>\n<\/div><\/div>\n<style type=\"text\/css\" data-created_by=\"avia_inline_auto\" id=\"style-css-av-3djxz-297ba9d44ceae23a991468ab7966a611\">\n.flex_cell.av-3djxz-297ba9d44ceae23a991468ab7966a611{\nvertical-align:top;\n}\n.responsive #top #wrap_all .flex_cell.av-3djxz-297ba9d44ceae23a991468ab7966a611{\npadding:30px 30px 30px 30px !important;\n}\n<\/style>\n<div class='flex_cell av-3djxz-297ba9d44ceae23a991468ab7966a611 av-gridrow-cell av_one_half no_margin  avia-builder-el-4  el_after_av_cell_one_half  avia-builder-el-last  content-align-top'  ><div class='flex_cell_inner'><p>\n<style type=\"text\/css\" data-created_by=\"avia_inline_auto\" id=\"style-css-av-1g9qb-e5ae8e7fec83452a78142a48b9b21ece\">\n#top .av-special-heading.av-1g9qb-e5ae8e7fec83452a78142a48b9b21ece{\npadding-bottom:10px;\n}\nbody .av-special-heading.av-1g9qb-e5ae8e7fec83452a78142a48b9b21ece .av-special-heading-tag .heading-char{\nfont-size:25px;\n}\n.av-special-heading.av-1g9qb-e5ae8e7fec83452a78142a48b9b21ece .av-subheading{\nfont-size:15px;\n}\n<\/style>\n<div  class='av-special-heading av-1g9qb-e5ae8e7fec83452a78142a48b9b21ece av-special-heading-h2  avia-builder-el-5  el_before_av_textblock  avia-builder-el-first '><h2 class='av-special-heading-tag '  itemprop=\"headline\"  >Our Contact Details<\/h2><div class=\"special-heading-border\"><div class=\"special-heading-inner-border\"><\/div><\/div><\/div><br \/>\n<section  class='av_textblock_section av-2dejz-2b5e7f58a92fad2f272524f127ae9fc5 '   itemscope=\"itemscope\" itemtype=\"https:\/\/schema.org\/CreativeWork\" ><div class='avia_textblock'  itemprop=\"text\" ><p><strong>PROLOGUE<\/strong><\/p>\n<p><strong>Email: <\/strong>marie@agence-prologue.com<\/p>\n<p><strong>Address:<\/strong> Halle H\u00e9m\u00e9ra &#8211; 132 rue Fondaud\u00e8ge, 33000 Bordeaux<\/p>\n<p><strong>Phone:<\/strong> 01 43 60 47 56<\/p>\n<p><strong>Hours:<\/strong> Monday to Friday &#8211; 9 AM to 6 PM<\/p>\n<\/div><\/section><br \/>\n\n<style type=\"text\/css\" data-created_by=\"avia_inline_auto\" id=\"style-css-av-q453-60263373a32978b96108e6fdbf49fddf\">\n#top .av-special-heading.av-q453-60263373a32978b96108e6fdbf49fddf{\npadding-bottom:10px;\n}\nbody .av-special-heading.av-q453-60263373a32978b96108e6fdbf49fddf .av-special-heading-tag .heading-char{\nfont-size:25px;\n}\n.av-special-heading.av-q453-60263373a32978b96108e6fdbf49fddf .av-subheading{\nfont-size:15px;\n}\n<\/style>\n<div  class='av-special-heading av-q453-60263373a32978b96108e6fdbf49fddf av-special-heading-h2  avia-builder-el-7  el_after_av_textblock  el_before_av_codeblock '><h2 class='av-special-heading-tag '  itemprop=\"headline\"  >Find Us<\/h2><div class=\"special-heading-border\"><div class=\"special-heading-inner-border\"><\/div><\/div><\/div><br \/>\n<\/p>\n<\/div><\/div><\/div>\n","protected":false},"excerpt":{"rendered":"","protected":false},"author":1,"featured_media":0,"parent":0,"menu_order":0,"comment_status":"open","ping_status":"open","template":"","meta":{"footnotes":""},"class_list":["post-1711","page","type-page","status-publish","hentry"],"yoast_head":"<!-- This site is optimized with the Yoast SEO plugin v27.5 - https:\/\/yoast.com\/product\/yoast-seo-wordpress\/ -->\n<title>Contact - Agence Prologue<\/title>\n<meta name=\"description\" content=\"Contact Agence Prologue, your consulting agency specializing in architecture and scenography for custom event spaces: layout, communication, ...\" \/>\n<meta name=\"robots\" content=\"index, follow, max-snippet:-1, max-image-preview:large, max-video-preview:-1\" \/>\n<link rel=\"canonical\" href=\"https:\/\/agence-prologue.com\/en\/contact\/\" \/>\n<meta property=\"og:locale\" content=\"en_US\" \/>\n<meta property=\"og:type\" content=\"article\" \/>\n<meta property=\"og:title\" content=\"Contact - Agence Prologue\" \/>\n<meta property=\"og:description\" content=\"Contact Agence Prologue, your consulting agency specializing in architecture and scenography for custom event spaces: layout, communication, ...\" \/>\n<meta property=\"og:url\" content=\"https:\/\/agence-prologue.com\/en\/contact\/\" \/>\n<meta property=\"og:site_name\" content=\"Agence Prologue\" \/>\n<meta property=\"article:publisher\" content=\"https:\/\/www.facebook.com\/AgPrologue\/\" \/>\n<meta property=\"article:modified_time\" content=\"2026-03-26T17:49:44+00:00\" \/>\n<meta property=\"og:image\" content=\"https:\/\/agence-prologue.com\/wp-content\/uploads\/2019\/03\/agence-prologue-reseaux-sociaux.jpg\" \/>\n\t<meta property=\"og:image:width\" content=\"600\" \/>\n\t<meta property=\"og:image:height\" content=\"314\" \/>\n\t<meta property=\"og:image:type\" content=\"image\/jpeg\" \/>\n<meta name=\"twitter:card\" content=\"summary_large_image\" \/>\n<meta name=\"twitter:label1\" content=\"Est. reading time\" \/>\n\t<meta name=\"twitter:data1\" content=\"4 minutes\" \/>\n<script type=\"application\/ld+json\" class=\"yoast-schema-graph\">{\"@context\":\"https:\\\/\\\/schema.org\",\"@graph\":[{\"@type\":\"WebPage\",\"@id\":\"https:\\\/\\\/agence-prologue.com\\\/en\\\/contact\\\/\",\"url\":\"https:\\\/\\\/agence-prologue.com\\\/en\\\/contact\\\/\",\"name\":\"Contact - Agence Prologue\",\"isPartOf\":{\"@id\":\"https:\\\/\\\/agence-prologue.com\\\/en\\\/#website\"},\"datePublished\":\"2014-09-26T15:23:42+00:00\",\"dateModified\":\"2026-03-26T17:49:44+00:00\",\"description\":\"Contact Agence Prologue, your consulting agency specializing in architecture and scenography for custom event spaces: layout, communication, ...\",\"breadcrumb\":{\"@id\":\"https:\\\/\\\/agence-prologue.com\\\/en\\\/contact\\\/#breadcrumb\"},\"inLanguage\":\"en-US\",\"potentialAction\":[{\"@type\":\"ReadAction\",\"target\":[\"https:\\\/\\\/agence-prologue.com\\\/en\\\/contact\\\/\"]}]},{\"@type\":\"BreadcrumbList\",\"@id\":\"https:\\\/\\\/agence-prologue.com\\\/en\\\/contact\\\/#breadcrumb\",\"itemListElement\":[{\"@type\":\"ListItem\",\"position\":1,\"name\":\"Accueil\",\"item\":\"https:\\\/\\\/agence-prologue.com\\\/en\\\/\"},{\"@type\":\"ListItem\",\"position\":2,\"name\":\"Contact\"}]},{\"@type\":\"WebSite\",\"@id\":\"https:\\\/\\\/agence-prologue.com\\\/en\\\/#website\",\"url\":\"https:\\\/\\\/agence-prologue.com\\\/en\\\/\",\"name\":\"Agence Prologue\",\"description\":\"\",\"publisher\":{\"@id\":\"https:\\\/\\\/agence-prologue.com\\\/en\\\/#organization\"},\"potentialAction\":[{\"@type\":\"SearchAction\",\"target\":{\"@type\":\"EntryPoint\",\"urlTemplate\":\"https:\\\/\\\/agence-prologue.com\\\/en\\\/?s={search_term_string}\"},\"query-input\":{\"@type\":\"PropertyValueSpecification\",\"valueRequired\":true,\"valueName\":\"search_term_string\"}}],\"inLanguage\":\"en-US\"},{\"@type\":\"Organization\",\"@id\":\"https:\\\/\\\/agence-prologue.com\\\/en\\\/#organization\",\"name\":\"Agence Prologue\",\"url\":\"https:\\\/\\\/agence-prologue.com\\\/en\\\/\",\"logo\":{\"@type\":\"ImageObject\",\"inLanguage\":\"en-US\",\"@id\":\"https:\\\/\\\/agence-prologue.com\\\/en\\\/#\\\/schema\\\/logo\\\/image\\\/\",\"url\":\"https:\\\/\\\/agence-prologue.com\\\/wp-content\\\/uploads\\\/2019\\\/02\\\/logo-agence-prologue-1.jpg\",\"contentUrl\":\"https:\\\/\\\/agence-prologue.com\\\/wp-content\\\/uploads\\\/2019\\\/02\\\/logo-agence-prologue-1.jpg\",\"width\":300,\"height\":92,\"caption\":\"Agence Prologue\"},\"image\":{\"@id\":\"https:\\\/\\\/agence-prologue.com\\\/en\\\/#\\\/schema\\\/logo\\\/image\\\/\"},\"sameAs\":[\"https:\\\/\\\/www.facebook.com\\\/AgPrologue\\\/\",\"https:\\\/\\\/www.instagram.com\\\/agenceprologue\\\/\",\"https:\\\/\\\/www.linkedin.com\\\/company\\\/agence-prologue\\\/\",\"https:\\\/\\\/www.pinterest.fr\\\/AgPrologue\\\/\"]}]}<\/script>\n<!-- \/ Yoast SEO plugin. -->","yoast_head_json":{"title":"Contact - Agence Prologue","description":"Contact Agence Prologue, your consulting agency specializing in architecture and scenography for custom event spaces: layout, communication, ...","robots":{"index":"index","follow":"follow","max-snippet":"max-snippet:-1","max-image-preview":"max-image-preview:large","max-video-preview":"max-video-preview:-1"},"canonical":"https:\/\/agence-prologue.com\/en\/contact\/","og_locale":"en_US","og_type":"article","og_title":"Contact - Agence Prologue","og_description":"Contact Agence Prologue, your consulting agency specializing in architecture and scenography for custom event spaces: layout, communication, ...","og_url":"https:\/\/agence-prologue.com\/en\/contact\/","og_site_name":"Agence Prologue","article_publisher":"https:\/\/www.facebook.com\/AgPrologue\/","article_modified_time":"2026-03-26T17:49:44+00:00","og_image":[{"width":600,"height":314,"url":"https:\/\/agence-prologue.com\/wp-content\/uploads\/2019\/03\/agence-prologue-reseaux-sociaux.jpg","type":"image\/jpeg"}],"twitter_card":"summary_large_image","twitter_misc":{"Est. reading time":"4 minutes"},"schema":{"@context":"https:\/\/schema.org","@graph":[{"@type":"WebPage","@id":"https:\/\/agence-prologue.com\/en\/contact\/","url":"https:\/\/agence-prologue.com\/en\/contact\/","name":"Contact - Agence Prologue","isPartOf":{"@id":"https:\/\/agence-prologue.com\/en\/#website"},"datePublished":"2014-09-26T15:23:42+00:00","dateModified":"2026-03-26T17:49:44+00:00","description":"Contact Agence Prologue, your consulting agency specializing in architecture and scenography for custom event spaces: layout, communication, ...","breadcrumb":{"@id":"https:\/\/agence-prologue.com\/en\/contact\/#breadcrumb"},"inLanguage":"en-US","potentialAction":[{"@type":"ReadAction","target":["https:\/\/agence-prologue.com\/en\/contact\/"]}]},{"@type":"BreadcrumbList","@id":"https:\/\/agence-prologue.com\/en\/contact\/#breadcrumb","itemListElement":[{"@type":"ListItem","position":1,"name":"Accueil","item":"https:\/\/agence-prologue.com\/en\/"},{"@type":"ListItem","position":2,"name":"Contact"}]},{"@type":"WebSite","@id":"https:\/\/agence-prologue.com\/en\/#website","url":"https:\/\/agence-prologue.com\/en\/","name":"Agence Prologue","description":"","publisher":{"@id":"https:\/\/agence-prologue.com\/en\/#organization"},"potentialAction":[{"@type":"SearchAction","target":{"@type":"EntryPoint","urlTemplate":"https:\/\/agence-prologue.com\/en\/?s={search_term_string}"},"query-input":{"@type":"PropertyValueSpecification","valueRequired":true,"valueName":"search_term_string"}}],"inLanguage":"en-US"},{"@type":"Organization","@id":"https:\/\/agence-prologue.com\/en\/#organization","name":"Agence Prologue","url":"https:\/\/agence-prologue.com\/en\/","logo":{"@type":"ImageObject","inLanguage":"en-US","@id":"https:\/\/agence-prologue.com\/en\/#\/schema\/logo\/image\/","url":"https:\/\/agence-prologue.com\/wp-content\/uploads\/2019\/02\/logo-agence-prologue-1.jpg","contentUrl":"https:\/\/agence-prologue.com\/wp-content\/uploads\/2019\/02\/logo-agence-prologue-1.jpg","width":300,"height":92,"caption":"Agence Prologue"},"image":{"@id":"https:\/\/agence-prologue.com\/en\/#\/schema\/logo\/image\/"},"sameAs":["https:\/\/www.facebook.com\/AgPrologue\/","https:\/\/www.instagram.com\/agenceprologue\/","https:\/\/www.linkedin.com\/company\/agence-prologue\/","https:\/\/www.pinterest.fr\/AgPrologue\/"]}]}},"_links":{"self":[{"href":"https:\/\/agence-prologue.com\/en\/wp-json\/wp\/v2\/pages\/1711","targetHints":{"allow":["GET"]}}],"collection":[{"href":"https:\/\/agence-prologue.com\/en\/wp-json\/wp\/v2\/pages"}],"about":[{"href":"https:\/\/agence-prologue.com\/en\/wp-json\/wp\/v2\/types\/page"}],"author":[{"embeddable":true,"href":"https:\/\/agence-prologue.com\/en\/wp-json\/wp\/v2\/users\/1"}],"replies":[{"embeddable":true,"href":"https:\/\/agence-prologue.com\/en\/wp-json\/wp\/v2\/comments?post=1711"}],"version-history":[{"count":11,"href":"https:\/\/agence-prologue.com\/en\/wp-json\/wp\/v2\/pages\/1711\/revisions"}],"predecessor-version":[{"id":1964,"href":"https:\/\/agence-prologue.com\/en\/wp-json\/wp\/v2\/pages\/1711\/revisions\/1964"}],"wp:attachment":[{"href":"https:\/\/agence-prologue.com\/en\/wp-json\/wp\/v2\/media?parent=1711"}],"curies":[{"name":"wp","href":"https:\/\/api.w.org\/{rel}","templated":true}]}}