{"id":1706,"date":"2020-07-10T09:35:44","date_gmt":"2020-07-10T07:35:44","guid":{"rendered":"https:\/\/agence-prologue.com\/design-development-and-manufacturing-of-equiphotel-stands\/"},"modified":"2026-03-26T18:51:07","modified_gmt":"2026-03-26T17:51:07","slug":"design-development-and-manufacturing-of-equiphotel-stands","status":"publish","type":"page","link":"https:\/\/agence-prologue.com\/en\/design-development-and-manufacturing-of-equiphotel-stands\/","title":{"rendered":"Design, development, and manufacturing of EquipHotel \u00ae stands"},"content":{"rendered":"<div id='av_section_1'  class='avia-section av-3r917-5c9d0fd6f350c3881d9a968605955b3d main_color avia-section-default avia-no-border-styling  avia-builder-el-0  el_before_av_slideshow_full  avia-builder-el-first  avia-bg-style-scroll container_wrap fullsize'  ><div class='container av-section-cont-open' ><main  role=\"main\" itemprop=\"mainContentOfPage\"  class='template-page content  av-content-full alpha units'><div class='post-entry post-entry-type-page post-entry-1706'><div class='entry-content-wrapper clearfix'>\n\n<style type=\"text\/css\" data-created_by=\"avia_inline_auto\" id=\"style-css-av-20rcb-4395ef3a6ece61dd6977a578bba5c672\">\n.flex_column.av-20rcb-4395ef3a6ece61dd6977a578bba5c672{\nborder-radius:0px 0px 0px 0px;\npadding:0px 0px 0px 0px;\n}\n<\/style>\n<div  class='flex_column av-20rcb-4395ef3a6ece61dd6977a578bba5c672 av_one_full  avia-builder-el-1  avia-builder-el-no-sibling  first flex_column_div av-zero-column-padding  '     ><p>\n<style type=\"text\/css\" data-created_by=\"avia_inline_auto\" id=\"style-css-av-kcfwgp34-a581bdc719c9ffead594d0a84c1c0fa7\">\n#top .av-special-heading.av-kcfwgp34-a581bdc719c9ffead594d0a84c1c0fa7{\npadding-bottom:10px;\n}\nbody .av-special-heading.av-kcfwgp34-a581bdc719c9ffead594d0a84c1c0fa7 .av-special-heading-tag .heading-char{\nfont-size:25px;\n}\n.av-special-heading.av-kcfwgp34-a581bdc719c9ffead594d0a84c1c0fa7 .av-subheading{\nfont-size:15px;\n}\n<\/style>\n<div  class='av-special-heading av-kcfwgp34-a581bdc719c9ffead594d0a84c1c0fa7 av-special-heading-h2 blockquote modern-quote modern-centered  avia-builder-el-2  el_before_av_hr  avia-builder-el-first  av-linked-heading'><h2 class='av-special-heading-tag '  itemprop=\"headline\"  >Are you looking for a stand builder for the EquipHotel\u00ae trade show?<\/h2><div class=\"special-heading-border\"><div class=\"special-heading-inner-border\"><\/div><\/div><\/div><br \/>\n\n<style type=\"text\/css\" data-created_by=\"avia_inline_auto\" id=\"style-css-av-2ud2z-994fe3196b2483d628230c8b048ac054\">\n#top .hr.av-2ud2z-994fe3196b2483d628230c8b048ac054{\nmargin-top:10px;\nmargin-bottom:10px;\n}\n.hr.av-2ud2z-994fe3196b2483d628230c8b048ac054 .hr-inner{\nwidth:100px;\nborder-color:#c3cf21;\n}\n<\/style>\n<div  class='hr av-2ud2z-994fe3196b2483d628230c8b048ac054 hr-custom  avia-builder-el-3  el_after_av_heading  el_before_av_textblock  hr-center hr-icon-no'><span class='hr-inner inner-border-av-border-fat'><span class=\"hr-inner-style\"><\/span><\/span><\/div><br \/>\n<section  class='av_textblock_section av-jsd9iujc-dfaca1bb46ed64794786885c13cc28e4 '   itemscope=\"itemscope\" itemtype=\"https:\/\/schema.org\/CreativeWork\" ><div class='avia_textblock'  itemprop=\"text\" ><p style=\"text-align: center;\">Trust PROs to design and support you with your stand at EquipHotel \u00ae<\/p>\n<\/div><\/section><\/p><\/div><\/div><\/div><\/main><!-- close content main element --><\/div><\/div><div id='full_slider_1'  class='avia-fullwidth-slider main_color avia-shadow   avia-builder-el-5  el_after_av_section  el_before_av_section   slider-not-first container_wrap fullsize'  ><div  class='avia-slideshow av-k10je1hv-3f9e316957d0f712611e63c1bf005ca6 avia-slideshow-entry_without_sidebar av_slideshow_full avia-slide-slider av-slideshow-ui av-control-default av-slideshow-autoplay av-loop-endless av-loop-manual-endless av-default-height-applied   avia-slideshow-1' data-slideshow-options=\"{&quot;animation&quot;:&quot;slide&quot;,&quot;autoplay&quot;:true,&quot;loop_autoplay&quot;:&quot;endless&quot;,&quot;interval&quot;:4,&quot;loop_manual&quot;:&quot;manual-endless&quot;,&quot;autoplay_stopper&quot;:false,&quot;noNavigation&quot;:false,&quot;bg_slider&quot;:false,&quot;keep_padding&quot;:false,&quot;hoverpause&quot;:false,&quot;show_slide_delay&quot;:0}\"  itemprop=\"image\" itemscope=\"itemscope\" itemtype=\"https:\/\/schema.org\/ImageObject\" ><ul class='avia-slideshow-inner ' style='padding-bottom: 34.95867768595%;'><\/ul><\/div><\/div><\/p>\n<div id='av_section_2'  class='avia-section av-3r917-5c9d0fd6f350c3881d9a968605955b3d main_color avia-section-default avia-no-border-styling  avia-builder-el-6  el_after_av_slideshow_full  el_before_av_section  avia-bg-style-scroll container_wrap fullsize'  ><div class='container av-section-cont-open' ><div class='template-page content  av-content-full alpha units'><div class='post-entry post-entry-type-page post-entry-1706'><div class='entry-content-wrapper clearfix'>\n\n<style type=\"text\/css\" data-created_by=\"avia_inline_auto\" id=\"style-css-av-20rcb-4395ef3a6ece61dd6977a578bba5c672\">\n.flex_column.av-20rcb-4395ef3a6ece61dd6977a578bba5c672{\nborder-radius:0px 0px 0px 0px;\npadding:0px 0px 0px 0px;\n}\n<\/style>\n<div  class='flex_column av-20rcb-4395ef3a6ece61dd6977a578bba5c672 av_one_full  avia-builder-el-7  avia-builder-el-no-sibling  first flex_column_div av-zero-column-padding  '     ><section  class='av_textblock_section av-jsd9iujc-dfaca1bb46ed64794786885c13cc28e4 '   itemscope=\"itemscope\" itemtype=\"https:\/\/schema.org\/CreativeWork\" ><div class='avia_textblock'  itemprop=\"text\" ><blockquote>\n<h3 style=\"text-align: center;\">We have extensive knowledge of the industry, particularly the EquipHotel \u00ae trade show<\/h3>\n<\/blockquote>\n<\/div><\/section><\/div><\/div><\/div><\/div><!-- close content main div --><\/div><\/div><div id='av_section_3'  class='avia-section av-3r917-5c9d0fd6f350c3881d9a968605955b3d main_color avia-section-default avia-no-border-styling  avia-builder-el-9  el_after_av_section  el_before_av_section  avia-bg-style-scroll container_wrap fullsize'  ><div class='container av-section-cont-open' ><div class='template-page content  av-content-full alpha units'><div class='post-entry post-entry-type-page post-entry-1706'><div class='entry-content-wrapper clearfix'>\n\n<style type=\"text\/css\" data-created_by=\"avia_inline_auto\" id=\"style-css-av-34rgr-0ade148e121032193a96b32733390985\">\n.flex_column.av-34rgr-0ade148e121032193a96b32733390985{\nborder-radius:0px 0px 0px 0px;\npadding:0px 0px 0px 0px;\n}\n<\/style>\n<div  class='flex_column av-34rgr-0ade148e121032193a96b32733390985 av_one_full  avia-builder-el-10  avia-builder-el-no-sibling  first flex_column_div av-zero-column-padding  '     ><p>\n<style type=\"text\/css\" data-created_by=\"avia_inline_auto\" id=\"style-css-av-bmuka-458d430aac70fac6a817f3aa620c9471\">\n#top .av-special-heading.av-bmuka-458d430aac70fac6a817f3aa620c9471{\npadding-bottom:10px;\n}\nbody .av-special-heading.av-bmuka-458d430aac70fac6a817f3aa620c9471 .av-special-heading-tag .heading-char{\nfont-size:25px;\n}\n.av-special-heading.av-bmuka-458d430aac70fac6a817f3aa620c9471 .av-subheading{\nfont-size:15px;\n}\n<\/style>\n<div  class='av-special-heading av-bmuka-458d430aac70fac6a817f3aa620c9471 av-special-heading-h2 blockquote modern-quote modern-centered  avia-builder-el-11  el_before_av_hr  avia-builder-el-first '><h2 class='av-special-heading-tag '  itemprop=\"headline\"  >Brief us!<\/h2><div class=\"special-heading-border\"><div class=\"special-heading-inner-border\"><\/div><\/div><\/div><br \/>\n\n<style type=\"text\/css\" data-created_by=\"avia_inline_auto\" id=\"style-css-av-2ud2z-994fe3196b2483d628230c8b048ac054\">\n#top .hr.av-2ud2z-994fe3196b2483d628230c8b048ac054{\nmargin-top:10px;\nmargin-bottom:10px;\n}\n.hr.av-2ud2z-994fe3196b2483d628230c8b048ac054 .hr-inner{\nwidth:100px;\nborder-color:#c3cf21;\n}\n<\/style>\n<div  class='hr av-2ud2z-994fe3196b2483d628230c8b048ac054 hr-custom  avia-builder-el-12  el_after_av_heading  el_before_av_contact  hr-center hr-icon-no'><span class='hr-inner inner-border-av-border-fat'><span class=\"hr-inner-style\"><\/span><\/span><\/div><br \/>\n<form action=\"https:\/\/agence-prologue.com\/en\/design-development-and-manufacturing-of-equiphotel-stands\/\" method=\"post\" data-fields-with-error=\"Found errors in the following field(s):\" class=\"avia_ajax_form av-form-labels-visible   avia-builder-el-13  el_after_av_hr  avia-builder-el-last   \" data-avia-form-id=\"1\" data-avia-redirect='' ><fieldset><p class='  first_form  form_element form_element_half' id='element_avia_1_1'><label for=\"avia_1_1\">Name <abbr class=\"required\" title=\"required\">*<\/abbr><\/label> <input name=\"avia_1_1\" class=\"text_input is_empty\" type=\"text\" id=\"avia_1_1\" value=\"\" \/><\/p><p class='  form_element form_element_half' id='element_avia_2_1'><label for=\"avia_2_1\">Email <abbr class=\"required\" title=\"required\">*<\/abbr><\/label> <input name=\"avia_2_1\" class=\"text_input is_email\" type=\"text\" id=\"avia_2_1\" value=\"\" \/><\/p><p class='  first_form  form_element form_element_half' id='element_avia_3_1'><label for=\"avia_3_1\">Company <abbr class=\"required\" title=\"required\">*<\/abbr><\/label> <input name=\"avia_3_1\" class=\"text_input is_empty\" type=\"text\" id=\"avia_3_1\" value=\"\" \/><\/p><p class='  form_element form_element_half' id='element_avia_4_1'><label for=\"avia_4_1\">Phone<\/label> <input name=\"avia_4_1\" class=\"text_input \" type=\"text\" id=\"avia_4_1\" value=\"\" \/><\/p><p class='  first_form  form_element form_fullwidth' id='element_avia_5_1'><label for=\"avia_5_1\" class=\"textare_label hidden textare_label_avia_5_1\">Message<\/label><textarea  name=\"avia_5_1\" class=\"text_area \" cols=\"40\" rows=\"7\" id=\"avia_5_1\" ><\/textarea><\/p><p class=\"hidden\"><input type=\"text\" name=\"avia_6_1\" class=\"hidden \" id=\"avia_6_1\" value=\"\" \/><\/p><p class='   form_element form_fullwidth av-last-visible-form-element' id='element_avia_7_1'><span class='value_verifier_label'>1 + 5 = ?<\/span><input name=\"avia_7_1_verifier\" type=\"hidden\" id=\"avia_7_1_verifier\" value=\"166453141\"\/><label for=\"avia_7_1\">Please prove that you are human by solving the equation <abbr class=\"required\" title=\"required\">*<\/abbr><\/label><input name=\"avia_7_1\" class=\"text_input captcha\" type=\"text\" id=\"avia_7_1\" value=\"\"\/><\/p><p class=' av_form_privacy_check av_contact_privacy_check first_form  form_element form_fullwidth' id='element_avia_8_1'><input  name=\"avia_8_1\" class=\"input_checkbox is_empty\" type=\"checkbox\" id=\"avia_8_1\" value=\"true\"\/><label class=\"input_checkbox_label\" for=\"avia_8_1\">By checking this box, you agree to be contacted by email or telephone by Prologue and that the information collected on this form will be recorded and processed in accordance with our Privacy Policy. <abbr class=\"required\" title=\"required\">*<\/abbr><\/label><\/p><p class=\"form_element \"><input type=\"hidden\" value=\"1\" name=\"avia_generated_form1\" \/><input type=\"submit\" value=\"SEND\" class=\"button\"  data-sending-label=\"Sending\"\/><\/p><\/fieldset><\/form><div id=\"ajaxresponse_1\" class=\"ajaxresponse ajaxresponse_1 hidden\"><\/div><\/p><\/div>\n<\/p>\n<\/div><\/div><\/div><!-- close content main div --><\/div><\/div>\n<style type=\"text\/css\" data-created_by=\"avia_inline_auto\" id=\"style-css-av-3r917-afa0fbfeb6866dcade2ac6648d049045\">\n.avia-section.av-3r917-afa0fbfeb6866dcade2ac6648d049045{\nbackground-color:#eaeaea;\nbackground-image:unset;\n}\n<\/style>\n<div id='av_section_4'  class='avia-section av-3r917-afa0fbfeb6866dcade2ac6648d049045 main_color avia-section-default avia-no-border-styling  avia-builder-el-14  el_after_av_section  avia-builder-el-last  avia-bg-style-scroll container_wrap fullsize'  ><div class='container av-section-cont-open' ><div class='template-page content  av-content-full alpha units'><div class='post-entry post-entry-type-page post-entry-1706'><div class='entry-content-wrapper clearfix'>\n\n<style type=\"text\/css\" data-created_by=\"avia_inline_auto\" id=\"style-css-av-34rgr-0ade148e121032193a96b32733390985\">\n.flex_column.av-34rgr-0ade148e121032193a96b32733390985{\nborder-radius:0px 0px 0px 0px;\npadding:0px 0px 0px 0px;\n}\n<\/style>\n<div  class='flex_column av-34rgr-0ade148e121032193a96b32733390985 av_one_full  avia-builder-el-15  avia-builder-el-no-sibling  first flex_column_div av-zero-column-padding  '     ><section  class='av_textblock_section av-jseyip13-3e12d3bde1ab6d89d97f33ae4b99f799 '   itemscope=\"itemscope\" itemtype=\"https:\/\/schema.org\/CreativeWork\" ><div class='avia_textblock av_inherit_color'  itemprop=\"text\" ><p style=\"text-align: center;\"><strong>PROLOGUE AGENCY<\/strong><\/p>\n<p style=\"text-align: center;\">5-7 avenue du G\u00e9n\u00e9ral de Gaulle, 94160 Saint-Mand\u00e9<\/p>\n<\/div><\/section><\/div>\n\n","protected":false},"excerpt":{"rendered":"","protected":false},"author":1,"featured_media":0,"parent":0,"menu_order":0,"comment_status":"closed","ping_status":"closed","template":"","meta":{"footnotes":""},"class_list":["post-1706","page","type-page","status-publish","hentry"],"yoast_head":"<!-- This site is optimized with the Yoast SEO plugin v27.5 - https:\/\/yoast.com\/product\/yoast-seo-wordpress\/ -->\n<title>Design, development, and manufacturing of EquipHotel \u00ae stands - Agence Prologue<\/title>\n<meta name=\"description\" content=\"Need a stand for the EquipHotel \u00ae trade show? Choose Prologue, your event partner, a specialist in custom stands: consulting, design, development, and manufacturing, we support you through all stages.\" \/>\n<meta name=\"robots\" content=\"index, follow, max-snippet:-1, max-image-preview:large, max-video-preview:-1\" \/>\n<link rel=\"canonical\" href=\"https:\/\/agence-prologue.com\/en\/design-development-and-manufacturing-of-equiphotel-stands\/\" \/>\n<meta property=\"og:locale\" content=\"en_US\" \/>\n<meta property=\"og:type\" content=\"article\" \/>\n<meta property=\"og:title\" content=\"Design, development, and manufacturing of EquipHotel \u00ae stands - Agence Prologue\" \/>\n<meta property=\"og:description\" content=\"Need a stand for the EquipHotel \u00ae trade show? Choose Prologue, your event partner, a specialist in custom stands: consulting, design, development, and manufacturing, we support you through all stages.\" \/>\n<meta property=\"og:url\" content=\"https:\/\/agence-prologue.com\/en\/design-development-and-manufacturing-of-equiphotel-stands\/\" \/>\n<meta property=\"og:site_name\" content=\"Agence Prologue\" \/>\n<meta property=\"article:publisher\" content=\"https:\/\/www.facebook.com\/AgPrologue\/\" \/>\n<meta property=\"article:modified_time\" content=\"2026-03-26T17:51:07+00:00\" \/>\n<meta property=\"og:image\" content=\"https:\/\/agence-prologue.com\/wp-content\/uploads\/2019\/03\/agence-prologue-reseaux-sociaux.jpg\" \/>\n\t<meta property=\"og:image:width\" content=\"600\" \/>\n\t<meta property=\"og:image:height\" content=\"314\" \/>\n\t<meta property=\"og:image:type\" content=\"image\/jpeg\" \/>\n<meta name=\"twitter:card\" content=\"summary_large_image\" \/>\n<meta name=\"twitter:label1\" content=\"Est. reading time\" \/>\n\t<meta name=\"twitter:data1\" content=\"9 minutes\" \/>\n<script type=\"application\/ld+json\" class=\"yoast-schema-graph\">{\"@context\":\"https:\\\/\\\/schema.org\",\"@graph\":[{\"@type\":\"WebPage\",\"@id\":\"https:\\\/\\\/agence-prologue.com\\\/en\\\/design-development-and-manufacturing-of-equiphotel-stands\\\/\",\"url\":\"https:\\\/\\\/agence-prologue.com\\\/en\\\/design-development-and-manufacturing-of-equiphotel-stands\\\/\",\"name\":\"Design, development, and manufacturing of EquipHotel \u00ae stands - Agence Prologue\",\"isPartOf\":{\"@id\":\"https:\\\/\\\/agence-prologue.com\\\/en\\\/#website\"},\"datePublished\":\"2020-07-10T07:35:44+00:00\",\"dateModified\":\"2026-03-26T17:51:07+00:00\",\"description\":\"Need a stand for the EquipHotel \u00ae trade show? Choose Prologue, your event partner, a specialist in custom stands: consulting, design, development, and manufacturing, we support you through all stages.\",\"breadcrumb\":{\"@id\":\"https:\\\/\\\/agence-prologue.com\\\/en\\\/design-development-and-manufacturing-of-equiphotel-stands\\\/#breadcrumb\"},\"inLanguage\":\"en-US\",\"potentialAction\":[{\"@type\":\"ReadAction\",\"target\":[\"https:\\\/\\\/agence-prologue.com\\\/en\\\/design-development-and-manufacturing-of-equiphotel-stands\\\/\"]}]},{\"@type\":\"BreadcrumbList\",\"@id\":\"https:\\\/\\\/agence-prologue.com\\\/en\\\/design-development-and-manufacturing-of-equiphotel-stands\\\/#breadcrumb\",\"itemListElement\":[{\"@type\":\"ListItem\",\"position\":1,\"name\":\"Accueil\",\"item\":\"https:\\\/\\\/agence-prologue.com\\\/en\\\/\"},{\"@type\":\"ListItem\",\"position\":2,\"name\":\"Design, development, and manufacturing of EquipHotel \u00ae stands\"}]},{\"@type\":\"WebSite\",\"@id\":\"https:\\\/\\\/agence-prologue.com\\\/en\\\/#website\",\"url\":\"https:\\\/\\\/agence-prologue.com\\\/en\\\/\",\"name\":\"Agence Prologue\",\"description\":\"\",\"publisher\":{\"@id\":\"https:\\\/\\\/agence-prologue.com\\\/en\\\/#organization\"},\"potentialAction\":[{\"@type\":\"SearchAction\",\"target\":{\"@type\":\"EntryPoint\",\"urlTemplate\":\"https:\\\/\\\/agence-prologue.com\\\/en\\\/?s={search_term_string}\"},\"query-input\":{\"@type\":\"PropertyValueSpecification\",\"valueRequired\":true,\"valueName\":\"search_term_string\"}}],\"inLanguage\":\"en-US\"},{\"@type\":\"Organization\",\"@id\":\"https:\\\/\\\/agence-prologue.com\\\/en\\\/#organization\",\"name\":\"Agence Prologue\",\"url\":\"https:\\\/\\\/agence-prologue.com\\\/en\\\/\",\"logo\":{\"@type\":\"ImageObject\",\"inLanguage\":\"en-US\",\"@id\":\"https:\\\/\\\/agence-prologue.com\\\/en\\\/#\\\/schema\\\/logo\\\/image\\\/\",\"url\":\"https:\\\/\\\/agence-prologue.com\\\/wp-content\\\/uploads\\\/2019\\\/02\\\/logo-agence-prologue-1.jpg\",\"contentUrl\":\"https:\\\/\\\/agence-prologue.com\\\/wp-content\\\/uploads\\\/2019\\\/02\\\/logo-agence-prologue-1.jpg\",\"width\":300,\"height\":92,\"caption\":\"Agence Prologue\"},\"image\":{\"@id\":\"https:\\\/\\\/agence-prologue.com\\\/en\\\/#\\\/schema\\\/logo\\\/image\\\/\"},\"sameAs\":[\"https:\\\/\\\/www.facebook.com\\\/AgPrologue\\\/\",\"https:\\\/\\\/www.instagram.com\\\/agenceprologue\\\/\",\"https:\\\/\\\/www.linkedin.com\\\/company\\\/agence-prologue\\\/\",\"https:\\\/\\\/www.pinterest.fr\\\/AgPrologue\\\/\"]}]}<\/script>\n<!-- \/ Yoast SEO plugin. -->","yoast_head_json":{"title":"Design, development, and manufacturing of EquipHotel \u00ae stands - Agence Prologue","description":"Need a stand for the EquipHotel \u00ae trade show? Choose Prologue, your event partner, a specialist in custom stands: consulting, design, development, and manufacturing, we support you through all stages.","robots":{"index":"index","follow":"follow","max-snippet":"max-snippet:-1","max-image-preview":"max-image-preview:large","max-video-preview":"max-video-preview:-1"},"canonical":"https:\/\/agence-prologue.com\/en\/design-development-and-manufacturing-of-equiphotel-stands\/","og_locale":"en_US","og_type":"article","og_title":"Design, development, and manufacturing of EquipHotel \u00ae stands - Agence Prologue","og_description":"Need a stand for the EquipHotel \u00ae trade show? Choose Prologue, your event partner, a specialist in custom stands: consulting, design, development, and manufacturing, we support you through all stages.","og_url":"https:\/\/agence-prologue.com\/en\/design-development-and-manufacturing-of-equiphotel-stands\/","og_site_name":"Agence Prologue","article_publisher":"https:\/\/www.facebook.com\/AgPrologue\/","article_modified_time":"2026-03-26T17:51:07+00:00","og_image":[{"width":600,"height":314,"url":"https:\/\/agence-prologue.com\/wp-content\/uploads\/2019\/03\/agence-prologue-reseaux-sociaux.jpg","type":"image\/jpeg"}],"twitter_card":"summary_large_image","twitter_misc":{"Est. reading time":"9 minutes"},"schema":{"@context":"https:\/\/schema.org","@graph":[{"@type":"WebPage","@id":"https:\/\/agence-prologue.com\/en\/design-development-and-manufacturing-of-equiphotel-stands\/","url":"https:\/\/agence-prologue.com\/en\/design-development-and-manufacturing-of-equiphotel-stands\/","name":"Design, development, and manufacturing of EquipHotel \u00ae stands - Agence Prologue","isPartOf":{"@id":"https:\/\/agence-prologue.com\/en\/#website"},"datePublished":"2020-07-10T07:35:44+00:00","dateModified":"2026-03-26T17:51:07+00:00","description":"Need a stand for the EquipHotel \u00ae trade show? Choose Prologue, your event partner, a specialist in custom stands: consulting, design, development, and manufacturing, we support you through all stages.","breadcrumb":{"@id":"https:\/\/agence-prologue.com\/en\/design-development-and-manufacturing-of-equiphotel-stands\/#breadcrumb"},"inLanguage":"en-US","potentialAction":[{"@type":"ReadAction","target":["https:\/\/agence-prologue.com\/en\/design-development-and-manufacturing-of-equiphotel-stands\/"]}]},{"@type":"BreadcrumbList","@id":"https:\/\/agence-prologue.com\/en\/design-development-and-manufacturing-of-equiphotel-stands\/#breadcrumb","itemListElement":[{"@type":"ListItem","position":1,"name":"Accueil","item":"https:\/\/agence-prologue.com\/en\/"},{"@type":"ListItem","position":2,"name":"Design, development, and manufacturing of EquipHotel \u00ae stands"}]},{"@type":"WebSite","@id":"https:\/\/agence-prologue.com\/en\/#website","url":"https:\/\/agence-prologue.com\/en\/","name":"Agence Prologue","description":"","publisher":{"@id":"https:\/\/agence-prologue.com\/en\/#organization"},"potentialAction":[{"@type":"SearchAction","target":{"@type":"EntryPoint","urlTemplate":"https:\/\/agence-prologue.com\/en\/?s={search_term_string}"},"query-input":{"@type":"PropertyValueSpecification","valueRequired":true,"valueName":"search_term_string"}}],"inLanguage":"en-US"},{"@type":"Organization","@id":"https:\/\/agence-prologue.com\/en\/#organization","name":"Agence Prologue","url":"https:\/\/agence-prologue.com\/en\/","logo":{"@type":"ImageObject","inLanguage":"en-US","@id":"https:\/\/agence-prologue.com\/en\/#\/schema\/logo\/image\/","url":"https:\/\/agence-prologue.com\/wp-content\/uploads\/2019\/02\/logo-agence-prologue-1.jpg","contentUrl":"https:\/\/agence-prologue.com\/wp-content\/uploads\/2019\/02\/logo-agence-prologue-1.jpg","width":300,"height":92,"caption":"Agence Prologue"},"image":{"@id":"https:\/\/agence-prologue.com\/en\/#\/schema\/logo\/image\/"},"sameAs":["https:\/\/www.facebook.com\/AgPrologue\/","https:\/\/www.instagram.com\/agenceprologue\/","https:\/\/www.linkedin.com\/company\/agence-prologue\/","https:\/\/www.pinterest.fr\/AgPrologue\/"]}]}},"_links":{"self":[{"href":"https:\/\/agence-prologue.com\/en\/wp-json\/wp\/v2\/pages\/1706","targetHints":{"allow":["GET"]}}],"collection":[{"href":"https:\/\/agence-prologue.com\/en\/wp-json\/wp\/v2\/pages"}],"about":[{"href":"https:\/\/agence-prologue.com\/en\/wp-json\/wp\/v2\/types\/page"}],"author":[{"embeddable":true,"href":"https:\/\/agence-prologue.com\/en\/wp-json\/wp\/v2\/users\/1"}],"replies":[{"embeddable":true,"href":"https:\/\/agence-prologue.com\/en\/wp-json\/wp\/v2\/comments?post=1706"}],"version-history":[{"count":5,"href":"https:\/\/agence-prologue.com\/en\/wp-json\/wp\/v2\/pages\/1706\/revisions"}],"predecessor-version":[{"id":1977,"href":"https:\/\/agence-prologue.com\/en\/wp-json\/wp\/v2\/pages\/1706\/revisions\/1977"}],"wp:attachment":[{"href":"https:\/\/agence-prologue.com\/en\/wp-json\/wp\/v2\/media?parent=1706"}],"curies":[{"name":"wp","href":"https:\/\/api.w.org\/{rel}","templated":true}]}}